{"id":103726,"date":"2026-02-12T15:44:10","date_gmt":"2026-02-12T14:44:10","guid":{"rendered":"https:\/\/www.souvenirclubbing.com\/produit\/pantalon-trompette\/"},"modified":"2026-04-09T19:31:04","modified_gmt":"2026-04-09T17:31:04","slug":"pantalon-trompette","status":"publish","type":"product","link":"https:\/\/www.souvenirclubbing.com\/en\/produit\/pantalon-trompette\/","title":{"rendered":"Pantalon trompette"},"content":{"rendered":"<p>Pantalon trompette en coton avec ceinture int\u00e9gr\u00e9e, poches et ourlet effiloch\u00e9. Fermeture \u00e9clair et bouton.<\/p>\n<p>Le mannequin mesure: 176 cm &#8211; Taille mannequin: 38-S<\/p>\n","protected":false},"excerpt":{"rendered":"<p>98%CO 02%EA<\/p>\n","protected":false},"featured_media":103717,"template":"","meta":{"inline_featured_image":false},"product_brand":[],"product_cat":[372,385],"product_tag":[],"giftcard-category":[],"class_list":{"0":"post-103726","1":"product","2":"type-product","3":"status-publish","4":"has-post-thumbnail","6":"product_cat-femme","7":"product_cat-pantalons","9":"first","10":"outofstock","11":"taxable","12":"shipping-taxable","13":"purchasable","14":"product-type-variable","15":"has-default-attributes"},"yoast_head":"<!-- This site is optimized with the Yoast SEO plugin v26.8-RC7 - https:\/\/yoast.com\/product\/yoast-seo-wordpress\/ -->\n<title>Pantalon trompette Souvenir official shop ~ Acquista online<\/title>\n<meta name=\"robots\" content=\"index, follow, max-snippet:-1, max-image-preview:large, max-video-preview:-1\" \/>\n<link rel=\"canonical\" href=\"https:\/\/www.souvenirclubbing.com\/produit\/pantalon-trompette\/\" \/>\n<meta property=\"og:locale\" content=\"fr_FR\" \/>\n<meta property=\"og:type\" content=\"article\" \/>\n<meta property=\"og:title\" content=\"Pantalon trompette Souvenir official shop ~ Acquista online\" \/>\n<meta property=\"og:description\" content=\"98%CO 02%EA\" \/>\n<meta property=\"og:url\" content=\"https:\/\/www.souvenirclubbing.com\/produit\/pantalon-trompette\/\" \/>\n<meta property=\"og:site_name\" content=\"Souvenir Stores\" \/>\n<meta property=\"article:publisher\" content=\"https:\/\/www.facebook.com\/SouvenirClubbingAbbigliamento\" \/>\n<meta property=\"article:modified_time\" content=\"2026-04-09T17:31:04+00:00\" \/>\n<meta name=\"twitter:card\" content=\"summary_large_image\" \/>\n<script type=\"application\/ld+json\" class=\"yoast-schema-graph\">{\"@context\":\"https:\/\/schema.org\",\"@graph\":[{\"@type\":\"WebPage\",\"@id\":\"https:\/\/www.souvenirclubbing.com\/produit\/pantalon-trompette\/\",\"url\":\"https:\/\/www.souvenirclubbing.com\/produit\/pantalon-trompette\/\",\"name\":\"Pantalon trompette Souvenir official shop ~ Acquista online\",\"isPartOf\":{\"@id\":\"https:\/\/www.souvenirclubbing.com\/#website\"},\"primaryImageOfPage\":{\"@id\":\"https:\/\/www.souvenirclubbing.com\/produit\/pantalon-trompette\/#primaryimage\"},\"image\":{\"@id\":\"https:\/\/www.souvenirclubbing.com\/produit\/pantalon-trompette\/#primaryimage\"},\"thumbnailUrl\":\"https:\/\/www.souvenirclubbing.com\/wp-content\/uploads\/2026\/02\/S39M0747-S39M0747_518_WEB_A.jpg\",\"datePublished\":\"2026-02-12T14:44:10+00:00\",\"dateModified\":\"2026-04-09T17:31:04+00:00\",\"breadcrumb\":{\"@id\":\"https:\/\/www.souvenirclubbing.com\/produit\/pantalon-trompette\/#breadcrumb\"},\"inLanguage\":\"fr-FR\",\"potentialAction\":[{\"@type\":\"ReadAction\",\"target\":[\"https:\/\/www.souvenirclubbing.com\/produit\/pantalon-trompette\/\"]}]},{\"@type\":\"ImageObject\",\"inLanguage\":\"fr-FR\",\"@id\":\"https:\/\/www.souvenirclubbing.com\/produit\/pantalon-trompette\/#primaryimage\",\"url\":\"https:\/\/www.souvenirclubbing.com\/wp-content\/uploads\/2026\/02\/S39M0747-S39M0747_518_WEB_A.jpg\",\"contentUrl\":\"https:\/\/www.souvenirclubbing.com\/wp-content\/uploads\/2026\/02\/S39M0747-S39M0747_518_WEB_A.jpg\",\"width\":1200,\"height\":1800},{\"@type\":\"BreadcrumbList\",\"@id\":\"https:\/\/www.souvenirclubbing.com\/produit\/pantalon-trompette\/#breadcrumb\",\"itemListElement\":[{\"@type\":\"ListItem\",\"position\":1,\"name\":\"Home\",\"item\":\"https:\/\/www.souvenirclubbing.com\/en\/\"},{\"@type\":\"ListItem\",\"position\":2,\"name\":\"Shop\",\"item\":\"https:\/\/www.souvenirclubbing.com\/en\/shop\/\"},{\"@type\":\"ListItem\",\"position\":3,\"name\":\"Pantalon trompette\"}]},{\"@type\":\"WebSite\",\"@id\":\"https:\/\/www.souvenirclubbing.com\/#website\",\"url\":\"https:\/\/www.souvenirclubbing.com\/\",\"name\":\"Souvenir Stores\",\"description\":\"V\u00eatements pour femmes\",\"publisher\":{\"@id\":\"https:\/\/www.souvenirclubbing.com\/#organization\"},\"potentialAction\":[{\"@type\":\"SearchAction\",\"target\":{\"@type\":\"EntryPoint\",\"urlTemplate\":\"https:\/\/www.souvenirclubbing.com\/?s={search_term_string}\"},\"query-input\":{\"@type\":\"PropertyValueSpecification\",\"valueRequired\":true,\"valueName\":\"search_term_string\"}}],\"inLanguage\":\"fr-FR\"},{\"@type\":\"Organization\",\"@id\":\"https:\/\/www.souvenirclubbing.com\/#organization\",\"name\":\"Souvenir Stores\",\"url\":\"https:\/\/www.souvenirclubbing.com\/\",\"logo\":{\"@type\":\"ImageObject\",\"inLanguage\":\"fr-FR\",\"@id\":\"https:\/\/www.souvenirclubbing.com\/#\/schema\/logo\/image\/\",\"url\":\"https:\/\/www.souvenirclubbing.com\/wp-content\/uploads\/2021\/02\/logo-souvenir-stella.png\",\"contentUrl\":\"https:\/\/www.souvenirclubbing.com\/wp-content\/uploads\/2021\/02\/logo-souvenir-stella.png\",\"width\":2811,\"height\":744,\"caption\":\"Souvenir Stores\"},\"image\":{\"@id\":\"https:\/\/www.souvenirclubbing.com\/#\/schema\/logo\/image\/\"},\"sameAs\":[\"https:\/\/www.facebook.com\/SouvenirClubbingAbbigliamento\",\"https:\/\/instagram.com\/souvenirofficial\",\"https:\/\/www.youtube.com\/channel\/UCstIOG7B8ETIT_Drim5urMA\"]}]}<\/script>\n<!-- \/ Yoast SEO plugin. -->","yoast_head_json":{"title":"Pantalon trompette Souvenir official shop ~ Acquista online","robots":{"index":"index","follow":"follow","max-snippet":"max-snippet:-1","max-image-preview":"max-image-preview:large","max-video-preview":"max-video-preview:-1"},"canonical":"https:\/\/www.souvenirclubbing.com\/produit\/pantalon-trompette\/","og_locale":"fr_FR","og_type":"article","og_title":"Pantalon trompette Souvenir official shop ~ Acquista online","og_description":"98%CO 02%EA","og_url":"https:\/\/www.souvenirclubbing.com\/produit\/pantalon-trompette\/","og_site_name":"Souvenir Stores","article_publisher":"https:\/\/www.facebook.com\/SouvenirClubbingAbbigliamento","article_modified_time":"2026-04-09T17:31:04+00:00","twitter_card":"summary_large_image","schema":{"@context":"https:\/\/schema.org","@graph":[{"@type":"WebPage","@id":"https:\/\/www.souvenirclubbing.com\/produit\/pantalon-trompette\/","url":"https:\/\/www.souvenirclubbing.com\/produit\/pantalon-trompette\/","name":"Pantalon trompette Souvenir official shop ~ Acquista online","isPartOf":{"@id":"https:\/\/www.souvenirclubbing.com\/#website"},"primaryImageOfPage":{"@id":"https:\/\/www.souvenirclubbing.com\/produit\/pantalon-trompette\/#primaryimage"},"image":{"@id":"https:\/\/www.souvenirclubbing.com\/produit\/pantalon-trompette\/#primaryimage"},"thumbnailUrl":"https:\/\/www.souvenirclubbing.com\/wp-content\/uploads\/2026\/02\/S39M0747-S39M0747_518_WEB_A.jpg","datePublished":"2026-02-12T14:44:10+00:00","dateModified":"2026-04-09T17:31:04+00:00","breadcrumb":{"@id":"https:\/\/www.souvenirclubbing.com\/produit\/pantalon-trompette\/#breadcrumb"},"inLanguage":"fr-FR","potentialAction":[{"@type":"ReadAction","target":["https:\/\/www.souvenirclubbing.com\/produit\/pantalon-trompette\/"]}]},{"@type":"ImageObject","inLanguage":"fr-FR","@id":"https:\/\/www.souvenirclubbing.com\/produit\/pantalon-trompette\/#primaryimage","url":"https:\/\/www.souvenirclubbing.com\/wp-content\/uploads\/2026\/02\/S39M0747-S39M0747_518_WEB_A.jpg","contentUrl":"https:\/\/www.souvenirclubbing.com\/wp-content\/uploads\/2026\/02\/S39M0747-S39M0747_518_WEB_A.jpg","width":1200,"height":1800},{"@type":"BreadcrumbList","@id":"https:\/\/www.souvenirclubbing.com\/produit\/pantalon-trompette\/#breadcrumb","itemListElement":[{"@type":"ListItem","position":1,"name":"Home","item":"https:\/\/www.souvenirclubbing.com\/en\/"},{"@type":"ListItem","position":2,"name":"Shop","item":"https:\/\/www.souvenirclubbing.com\/en\/shop\/"},{"@type":"ListItem","position":3,"name":"Pantalon trompette"}]},{"@type":"WebSite","@id":"https:\/\/www.souvenirclubbing.com\/#website","url":"https:\/\/www.souvenirclubbing.com\/","name":"Souvenir Stores","description":"V\u00eatements pour femmes","publisher":{"@id":"https:\/\/www.souvenirclubbing.com\/#organization"},"potentialAction":[{"@type":"SearchAction","target":{"@type":"EntryPoint","urlTemplate":"https:\/\/www.souvenirclubbing.com\/?s={search_term_string}"},"query-input":{"@type":"PropertyValueSpecification","valueRequired":true,"valueName":"search_term_string"}}],"inLanguage":"fr-FR"},{"@type":"Organization","@id":"https:\/\/www.souvenirclubbing.com\/#organization","name":"Souvenir Stores","url":"https:\/\/www.souvenirclubbing.com\/","logo":{"@type":"ImageObject","inLanguage":"fr-FR","@id":"https:\/\/www.souvenirclubbing.com\/#\/schema\/logo\/image\/","url":"https:\/\/www.souvenirclubbing.com\/wp-content\/uploads\/2021\/02\/logo-souvenir-stella.png","contentUrl":"https:\/\/www.souvenirclubbing.com\/wp-content\/uploads\/2021\/02\/logo-souvenir-stella.png","width":2811,"height":744,"caption":"Souvenir Stores"},"image":{"@id":"https:\/\/www.souvenirclubbing.com\/#\/schema\/logo\/image\/"},"sameAs":["https:\/\/www.facebook.com\/SouvenirClubbingAbbigliamento","https:\/\/instagram.com\/souvenirofficial","https:\/\/www.youtube.com\/channel\/UCstIOG7B8ETIT_Drim5urMA"]}]}},"prices":{"price":"144.90","regular_price":"144.90"},"_links":{"self":[{"href":"https:\/\/www.souvenirclubbing.com\/en\/wp-json\/wp\/v2\/product\/103726","targetHints":{"allow":["GET"]}}],"collection":[{"href":"https:\/\/www.souvenirclubbing.com\/en\/wp-json\/wp\/v2\/product"}],"about":[{"href":"https:\/\/www.souvenirclubbing.com\/en\/wp-json\/wp\/v2\/types\/product"}],"wp:featuredmedia":[{"embeddable":true,"href":"https:\/\/www.souvenirclubbing.com\/en\/wp-json\/wp\/v2\/media\/103717"}],"wp:attachment":[{"href":"https:\/\/www.souvenirclubbing.com\/en\/wp-json\/wp\/v2\/media?parent=103726"}],"wp:term":[{"taxonomy":"product_brand","embeddable":true,"href":"https:\/\/www.souvenirclubbing.com\/en\/wp-json\/wp\/v2\/product_brand?post=103726"},{"taxonomy":"product_cat","embeddable":true,"href":"https:\/\/www.souvenirclubbing.com\/en\/wp-json\/wp\/v2\/product_cat?post=103726"},{"taxonomy":"product_tag","embeddable":true,"href":"https:\/\/www.souvenirclubbing.com\/en\/wp-json\/wp\/v2\/product_tag?post=103726"},{"taxonomy":"giftcard-category","embeddable":true,"href":"https:\/\/www.souvenirclubbing.com\/en\/wp-json\/wp\/v2\/giftcard-category?post=103726"}],"curies":[{"name":"wp","href":"https:\/\/api.w.org\/{rel}","templated":true}]}}