{"id":102678,"date":"2026-02-12T05:03:21","date_gmt":"2026-02-12T04:03:21","guid":{"rendered":"https:\/\/www.souvenirclubbing.com\/?page_id=102678"},"modified":"2026-02-12T13:53:12","modified_gmt":"2026-02-12T12:53:12","slug":"homepage-agosto-2025","status":"publish","type":"page","link":"https:\/\/www.souvenirclubbing.com\/en\/","title":{"rendered":"Homepage"},"content":{"rendered":"<div class=\"wpb-content-wrapper\"><p>[vc_row full_width=&#8221;stretch_row_content_no_spaces&#8221; content_placement=&#8221;middle&#8221; el_class=&#8221;backgroundBottom videoBanner&#8221; css=&#8221;.vc_custom_1739530221555{background-position: center !important;background-repeat: no-repeat !important;background-size: cover !important;}&#8221;][vc_column offset=&#8221;vc_hidden-sm vc_hidden-xs&#8221;][vc_raw_html css=&#8221;.vc_custom_1770831746694{margin-bottom: 0px !important;}&#8221;]JTNDdmlkZW8lMjBzdHlsZSUzRCUyMm1hcmdpbi1ib3R0b20lM0ElMjAwcHglM0IlMjIlMjBhdXRvcGxheSUzRCUyMmF1dG9wbGF5JTIyJTIwbG9vcCUzRCUyMmxvb3AlMjIlMjBtdXRlZCUzRCUyMiUyMiUyMHdpZHRoJTNEJTIyMTAwJTI1JTIyJTIwaGVpZ2h0JTNEJTIyYXV0byUyMiUyMHBsYXlzaW5saW5lJTIwcHJlbG9hZCUzRCUyMm5vbmUlMjIlM0UlMEQlMEElMjAlMjAlMjAlMjAlM0Nzb3VyY2UlMjBzcmMlM0QlMjJodHRwcyUzQSUyRiUyRnd3dy5zb3V2ZW5pcmNsdWJiaW5nLmNvbSUyRndwLWNvbnRlbnQlMkZ1cGxvYWRzJTJGMjAyNiUyRjAyJTJGT1BFUkFEVl9TT1VWRU5JUl9TSUNJTElBMjVfMTY5X1YxLTEtMS5tcDQlMjIlMjAlMkYlM0UlMEQlMEElM0MlMkZ2aWRlbyUzRQ==[\/vc_raw_html][\/vc_column][\/vc_row][vc_row full_width=&#8221;stretch_row_content_no_spaces&#8221; content_placement=&#8221;middle&#8221; el_class=&#8221;bannerStandardHome backgroundBottom bannerHomeNewCollection&#8221; css=&#8221;.vc_custom_1770899124854{background-image: url(https:\/\/www.souvenirclubbing.com\/wp-content\/uploads\/2026\/02\/souvenir-SS26-catalogo_RITOC_orizz11.jpg?id=103332) !important;background-position: center !important;background-repeat: no-repeat !important;background-size: cover !important;}&#8221;][vc_column][vc_row_inner equal_height=&#8221;yes&#8221; content_placement=&#8221;middle&#8221;][vc_column_inner][vc_column_text el_class=&#8221;homeTxtCTA&#8221;]<\/p>\n<p style=\"text-align: center;\">Souvenir Priv\u00e9e<\/p>\n<p>[\/vc_column_text][vc_btn title=&#8221;Discover the collection&#8221; shape=&#8221;square&#8221; color=&#8221;white&#8221; align=&#8221;center&#8221; css=&#8221;&#8221; link=&#8221;url:https%3A%2F%2Fwww.souvenirclubbing.com%2Fen%2Fthree-women-one-memory%2F|title:Discover%20more&#8221; el_class=&#8221;homeBtnCTA&#8221;][\/vc_column_inner][\/vc_row_inner][\/vc_column][\/vc_row][vc_row full_width=&#8221;stretch_row_content_no_spaces&#8221; content_placement=&#8221;middle&#8221; el_class=&#8221;bannerStandardHome bannerOurSelectionHome&#8221; css=&#8221;.vc_custom_1770899447166{background-image: url(https:\/\/www.souvenirclubbing.com\/wp-content\/uploads\/2026\/02\/souvenir-SS26-catalogo_RITOC_orizz3.jpg?id=103322) !important;background-position: center !important;background-repeat: no-repeat !important;background-size: cover !important;}&#8221;][vc_column][vc_row_inner equal_height=&#8221;yes&#8221; content_placement=&#8221;middle&#8221;][vc_column_inner][vc_column_text css=&#8221;&#8221; el_class=&#8221;homeTxtCTA&#8221;]<\/p>\n<p style=\"text-align: center;\">Latest arrivals<\/p>\n<p>[\/vc_column_text][vc_btn title=&#8221;Buy Now&#8221; shape=&#8221;square&#8221; color=&#8221;white&#8221; align=&#8221;center&#8221; css=&#8221;&#8221; link=&#8221;url:https%3A%2F%2Fwww.souvenirclubbing.com%2Fen%2Fproduct-category%2Ffemme-en%2F%3Forderby%3Ddate&#8221; el_class=&#8221;homeBtnCTA&#8221;][\/vc_column_inner][\/vc_row_inner][\/vc_column][\/vc_row][vc_row full_width=&#8221;stretch_row_content_no_spaces&#8221; content_placement=&#8221;middle&#8221; el_class=&#8221;bannerStandardHome backgroundTop bannerHomeInstagram&#8221; css=&#8221;.vc_custom_1770899894824{background-image: url(https:\/\/www.souvenirclubbing.com\/wp-content\/uploads\/2026\/02\/souvenir-SS26-catalogo_RITOC_orizz22.jpg?id=103344) !important;background-position: center !important;background-repeat: no-repeat !important;background-size: cover !important;}&#8221;][vc_column][vc_row_inner equal_height=&#8221;yes&#8221; content_placement=&#8221;middle&#8221;][vc_column_inner][vc_column_text el_class=&#8221;homeTxtCTA&#8221;]<\/p>\n<p style=\"text-align: center;\">Follow us @souvenirofficial<\/p>\n<p>[\/vc_column_text][vc_btn title=&#8221;Visit our Instagram&#8221; shape=&#8221;square&#8221; color=&#8221;white&#8221; align=&#8221;center&#8221; link=&#8221;url:https%3A%2F%2Fwww.instagram.com%2Fsouvenirofficial%2F|&#8221; el_class=&#8221;homeBtnCTA&#8221;][\/vc_column_inner][\/vc_row_inner][\/vc_column][\/vc_row]<\/p>\n<\/div>","protected":false},"excerpt":{"rendered":"<p>[vc_row full_width=&#8221;stretch_row_content_no_spaces&#8221; content_placement=&#8221;middle&#8221; el_class=&#8221;backgroundBottom videoBanner&#8221; css=&#8221;.vc_custom_1739530221555{background-position: center !important;background-repeat: no-repeat !important;background-size: cover !important;}&#8221;][vc_column offset=&#8221;vc_hidden-sm vc_hidden-xs&#8221;][vc_raw_html css=&#8221;.vc_custom_1770831746694{margin-bottom: 0px !important;}&#8221;]JTNDdmlkZW8lMjBzdHlsZSUzRCUyMm1hcmdpbi1ib3R0b20lM0ElMjAwcHglM0IlMjIlMjBhdXRvcGxheSUzRCUyMmF1dG9wbGF5JTIyJTIwbG9vcCUzRCUyMmxvb3AlMjIlMjBtdXRlZCUzRCUyMiUyMiUyMHdpZHRoJTNEJTIyMTAwJTI1JTIyJTIwaGVpZ2h0JTNEJTIyYXV0byUyMiUyMHBsYXlzaW5saW5lJTIwcHJlbG9hZCUzRCUyMm5vbmUlMjIlM0UlMEQlMEElMjAlMjAlMjAlMjAlM0Nzb3VyY2UlMjBzcmMlM0QlMjJodHRwcyUzQSUyRiUyRnd3dy5zb3V2ZW5pcmNsdWJiaW5nLmNvbSUyRndwLWNvbnRlbnQlMkZ1cGxvYWRzJTJGMjAyNiUyRjAyJTJGT1BFUkFEVl9TT1VWRU5JUl9TSUNJTElBMjVfMTY5X1YxLTEtMS5tcDQlMjIlMjAlMkYlM0UlMEQlMEElM0MlMkZ2aWRlbyUzRQ==[\/vc_raw_html][\/vc_column][\/vc_row][vc_row full_width=&#8221;stretch_row_content_no_spaces&#8221; content_placement=&#8221;middle&#8221; el_class=&#8221;bannerStandardHome backgroundBottom bannerHomeNewCollection&#8221; css=&#8221;.vc_custom_1770899124854{background-image: url(https:\/\/www.souvenirclubbing.com\/wp-content\/uploads\/2026\/02\/souvenir-SS26-catalogo_RITOC_orizz11.jpg?id=103332) !important;background-position: center !important;background-repeat: no-repeat !important;background-size: cover !important;}&#8221;][vc_column][vc_row_inner equal_height=&#8221;yes&#8221; content_placement=&#8221;middle&#8221;][vc_column_inner][vc_column_text el_class=&#8221;homeTxtCTA&#8221;] Souvenir Priv\u00e9e [\/vc_column_text][vc_btn title=&#8221;Discover the collection&#8221; shape=&#8221;square&#8221; color=&#8221;white&#8221; align=&#8221;center&#8221; css=&#8221;&#8221; link=&#8221;url:https%3A%2F%2Fwww.souvenirclubbing.com%2Fen%2Fthree-women-one-memory%2F|title:Discover%20more&#8221; el_class=&#8221;homeBtnCTA&#8221;][\/vc_column_inner][\/vc_row_inner][\/vc_column][\/vc_row][vc_row full_width=&#8221;stretch_row_content_no_spaces&#8221; content_placement=&#8221;middle&#8221; el_class=&#8221;bannerStandardHome bannerOurSelectionHome&#8221; css=&#8221;.vc_custom_1770899447166{background-image: url(https:\/\/www.souvenirclubbing.com\/wp-content\/uploads\/2026\/02\/souvenir-SS26-catalogo_RITOC_orizz3.jpg?id=103322) !important;background-position: center !important;background-repeat: [&hellip;]<\/p>\n","protected":false},"author":11028,"featured_media":0,"parent":0,"menu_order":0,"comment_status":"closed","ping_status":"closed","template":"","meta":{"inline_featured_image":false,"footnotes":""},"class_list":["post-102678","page","type-page","status-publish","hentry"],"yoast_head":"<!-- This site is optimized with the Yoast SEO plugin v26.8-RC7 - https:\/\/yoast.com\/product\/yoast-seo-wordpress\/ -->\n<title>Souvenir - V\u00eatements pour femmes sportifs et \u00e9l\u00e9gants fabriqu\u00e9s en Italie<\/title>\n<meta name=\"description\" content=\"Des v\u00eatements \u00e9l\u00e9gants, sportifs, confortables, soign\u00e9s dans les d\u00e9tails, fabriqu\u00e9s en Italie et cr\u00e9\u00e9s pour rassembler la force, la sensibilit\u00e9 et la d\u00e9licatesse de la femme.\" \/>\n<meta name=\"robots\" content=\"index, follow, max-snippet:-1, max-image-preview:large, max-video-preview:-1\" \/>\n<link rel=\"canonical\" href=\"https:\/\/www.souvenirclubbing.com\/en\/\" \/>\n<meta property=\"og:locale\" content=\"fr_FR\" \/>\n<meta property=\"og:type\" content=\"article\" \/>\n<meta property=\"og:title\" content=\"Souvenir - V\u00eatements pour femmes sportifs et \u00e9l\u00e9gants fabriqu\u00e9s en Italie\" \/>\n<meta property=\"og:description\" content=\"Des v\u00eatements \u00e9l\u00e9gants, sportifs, confortables, soign\u00e9s dans les d\u00e9tails, fabriqu\u00e9s en Italie et cr\u00e9\u00e9s pour rassembler la force, la sensibilit\u00e9 et la d\u00e9licatesse de la femme.\" \/>\n<meta property=\"og:url\" content=\"https:\/\/www.souvenirclubbing.com\/en\/\" \/>\n<meta property=\"og:site_name\" content=\"Souvenir Stores\" \/>\n<meta property=\"article:publisher\" content=\"https:\/\/www.facebook.com\/SouvenirClubbingAbbigliamento\" \/>\n<meta property=\"article:modified_time\" content=\"2026-02-12T12:53:12+00:00\" \/>\n<meta name=\"twitter:card\" content=\"summary_large_image\" \/>\n<meta name=\"twitter:label1\" content=\"Dur\u00e9e de lecture estim\u00e9e\" \/>\n\t<meta name=\"twitter:data1\" content=\"1 minute\" \/>\n<script type=\"application\/ld+json\" class=\"yoast-schema-graph\">{\"@context\":\"https:\/\/schema.org\",\"@graph\":[{\"@type\":\"WebPage\",\"@id\":\"https:\/\/www.souvenirclubbing.com\/en\/\",\"url\":\"https:\/\/www.souvenirclubbing.com\/en\/\",\"name\":\"Souvenir - V\u00eatements pour femmes sportifs et \u00e9l\u00e9gants fabriqu\u00e9s en Italie\",\"isPartOf\":{\"@id\":\"https:\/\/www.souvenirclubbing.com\/#website\"},\"datePublished\":\"2026-02-12T04:03:21+00:00\",\"dateModified\":\"2026-02-12T12:53:12+00:00\",\"description\":\"Des v\u00eatements \u00e9l\u00e9gants, sportifs, confortables, soign\u00e9s dans les d\u00e9tails, fabriqu\u00e9s en Italie et cr\u00e9\u00e9s pour rassembler la force, la sensibilit\u00e9 et la d\u00e9licatesse de la femme.\",\"breadcrumb\":{\"@id\":\"https:\/\/www.souvenirclubbing.com\/en\/#breadcrumb\"},\"inLanguage\":\"fr-FR\",\"potentialAction\":[{\"@type\":\"ReadAction\",\"target\":[\"https:\/\/www.souvenirclubbing.com\/en\/\"]}]},{\"@type\":\"BreadcrumbList\",\"@id\":\"https:\/\/www.souvenirclubbing.com\/en\/#breadcrumb\",\"itemListElement\":[{\"@type\":\"ListItem\",\"position\":1,\"name\":\"Home\",\"item\":\"https:\/\/www.souvenirclubbing.com\/en\/\"},{\"@type\":\"ListItem\",\"position\":2,\"name\":\"Homepage\"}]},{\"@type\":\"WebSite\",\"@id\":\"https:\/\/www.souvenirclubbing.com\/#website\",\"url\":\"https:\/\/www.souvenirclubbing.com\/\",\"name\":\"Souvenir Stores\",\"description\":\"V\u00eatements pour femmes\",\"publisher\":{\"@id\":\"https:\/\/www.souvenirclubbing.com\/#organization\"},\"potentialAction\":[{\"@type\":\"SearchAction\",\"target\":{\"@type\":\"EntryPoint\",\"urlTemplate\":\"https:\/\/www.souvenirclubbing.com\/?s={search_term_string}\"},\"query-input\":{\"@type\":\"PropertyValueSpecification\",\"valueRequired\":true,\"valueName\":\"search_term_string\"}}],\"inLanguage\":\"fr-FR\"},{\"@type\":\"Organization\",\"@id\":\"https:\/\/www.souvenirclubbing.com\/#organization\",\"name\":\"Souvenir Stores\",\"url\":\"https:\/\/www.souvenirclubbing.com\/\",\"logo\":{\"@type\":\"ImageObject\",\"inLanguage\":\"fr-FR\",\"@id\":\"https:\/\/www.souvenirclubbing.com\/#\/schema\/logo\/image\/\",\"url\":\"https:\/\/www.souvenirclubbing.com\/wp-content\/uploads\/2021\/02\/logo-souvenir-stella.png\",\"contentUrl\":\"https:\/\/www.souvenirclubbing.com\/wp-content\/uploads\/2021\/02\/logo-souvenir-stella.png\",\"width\":2811,\"height\":744,\"caption\":\"Souvenir Stores\"},\"image\":{\"@id\":\"https:\/\/www.souvenirclubbing.com\/#\/schema\/logo\/image\/\"},\"sameAs\":[\"https:\/\/www.facebook.com\/SouvenirClubbingAbbigliamento\",\"https:\/\/instagram.com\/souvenirofficial\",\"https:\/\/www.youtube.com\/channel\/UCstIOG7B8ETIT_Drim5urMA\"]}]}<\/script>\n<!-- \/ Yoast SEO plugin. -->","yoast_head_json":{"title":"Souvenir - V\u00eatements pour femmes sportifs et \u00e9l\u00e9gants fabriqu\u00e9s en Italie","description":"Des v\u00eatements \u00e9l\u00e9gants, sportifs, confortables, soign\u00e9s dans les d\u00e9tails, fabriqu\u00e9s en Italie et cr\u00e9\u00e9s pour rassembler la force, la sensibilit\u00e9 et la d\u00e9licatesse de la femme.","robots":{"index":"index","follow":"follow","max-snippet":"max-snippet:-1","max-image-preview":"max-image-preview:large","max-video-preview":"max-video-preview:-1"},"canonical":"https:\/\/www.souvenirclubbing.com\/en\/","og_locale":"fr_FR","og_type":"article","og_title":"Souvenir - V\u00eatements pour femmes sportifs et \u00e9l\u00e9gants fabriqu\u00e9s en Italie","og_description":"Des v\u00eatements \u00e9l\u00e9gants, sportifs, confortables, soign\u00e9s dans les d\u00e9tails, fabriqu\u00e9s en Italie et cr\u00e9\u00e9s pour rassembler la force, la sensibilit\u00e9 et la d\u00e9licatesse de la femme.","og_url":"https:\/\/www.souvenirclubbing.com\/en\/","og_site_name":"Souvenir Stores","article_publisher":"https:\/\/www.facebook.com\/SouvenirClubbingAbbigliamento","article_modified_time":"2026-02-12T12:53:12+00:00","twitter_card":"summary_large_image","twitter_misc":{"Dur\u00e9e de lecture estim\u00e9e":"1 minute"},"schema":{"@context":"https:\/\/schema.org","@graph":[{"@type":"WebPage","@id":"https:\/\/www.souvenirclubbing.com\/en\/","url":"https:\/\/www.souvenirclubbing.com\/en\/","name":"Souvenir - V\u00eatements pour femmes sportifs et \u00e9l\u00e9gants fabriqu\u00e9s en Italie","isPartOf":{"@id":"https:\/\/www.souvenirclubbing.com\/#website"},"datePublished":"2026-02-12T04:03:21+00:00","dateModified":"2026-02-12T12:53:12+00:00","description":"Des v\u00eatements \u00e9l\u00e9gants, sportifs, confortables, soign\u00e9s dans les d\u00e9tails, fabriqu\u00e9s en Italie et cr\u00e9\u00e9s pour rassembler la force, la sensibilit\u00e9 et la d\u00e9licatesse de la femme.","breadcrumb":{"@id":"https:\/\/www.souvenirclubbing.com\/en\/#breadcrumb"},"inLanguage":"fr-FR","potentialAction":[{"@type":"ReadAction","target":["https:\/\/www.souvenirclubbing.com\/en\/"]}]},{"@type":"BreadcrumbList","@id":"https:\/\/www.souvenirclubbing.com\/en\/#breadcrumb","itemListElement":[{"@type":"ListItem","position":1,"name":"Home","item":"https:\/\/www.souvenirclubbing.com\/en\/"},{"@type":"ListItem","position":2,"name":"Homepage"}]},{"@type":"WebSite","@id":"https:\/\/www.souvenirclubbing.com\/#website","url":"https:\/\/www.souvenirclubbing.com\/","name":"Souvenir Stores","description":"V\u00eatements pour femmes","publisher":{"@id":"https:\/\/www.souvenirclubbing.com\/#organization"},"potentialAction":[{"@type":"SearchAction","target":{"@type":"EntryPoint","urlTemplate":"https:\/\/www.souvenirclubbing.com\/?s={search_term_string}"},"query-input":{"@type":"PropertyValueSpecification","valueRequired":true,"valueName":"search_term_string"}}],"inLanguage":"fr-FR"},{"@type":"Organization","@id":"https:\/\/www.souvenirclubbing.com\/#organization","name":"Souvenir Stores","url":"https:\/\/www.souvenirclubbing.com\/","logo":{"@type":"ImageObject","inLanguage":"fr-FR","@id":"https:\/\/www.souvenirclubbing.com\/#\/schema\/logo\/image\/","url":"https:\/\/www.souvenirclubbing.com\/wp-content\/uploads\/2021\/02\/logo-souvenir-stella.png","contentUrl":"https:\/\/www.souvenirclubbing.com\/wp-content\/uploads\/2021\/02\/logo-souvenir-stella.png","width":2811,"height":744,"caption":"Souvenir Stores"},"image":{"@id":"https:\/\/www.souvenirclubbing.com\/#\/schema\/logo\/image\/"},"sameAs":["https:\/\/www.facebook.com\/SouvenirClubbingAbbigliamento","https:\/\/instagram.com\/souvenirofficial","https:\/\/www.youtube.com\/channel\/UCstIOG7B8ETIT_Drim5urMA"]}]}},"_links":{"self":[{"href":"https:\/\/www.souvenirclubbing.com\/en\/wp-json\/wp\/v2\/pages\/102678","targetHints":{"allow":["GET"]}}],"collection":[{"href":"https:\/\/www.souvenirclubbing.com\/en\/wp-json\/wp\/v2\/pages"}],"about":[{"href":"https:\/\/www.souvenirclubbing.com\/en\/wp-json\/wp\/v2\/types\/page"}],"author":[{"embeddable":true,"href":"https:\/\/www.souvenirclubbing.com\/en\/wp-json\/wp\/v2\/users\/11028"}],"replies":[{"embeddable":true,"href":"https:\/\/www.souvenirclubbing.com\/en\/wp-json\/wp\/v2\/comments?post=102678"}],"version-history":[{"count":7,"href":"https:\/\/www.souvenirclubbing.com\/en\/wp-json\/wp\/v2\/pages\/102678\/revisions"}],"predecessor-version":[{"id":103383,"href":"https:\/\/www.souvenirclubbing.com\/en\/wp-json\/wp\/v2\/pages\/102678\/revisions\/103383"}],"wp:attachment":[{"href":"https:\/\/www.souvenirclubbing.com\/en\/wp-json\/wp\/v2\/media?parent=102678"}],"curies":[{"name":"wp","href":"https:\/\/api.w.org\/{rel}","templated":true}]}}