{"id":102663,"date":"2025-08-26T14:59:30","date_gmt":"2025-08-26T12:59:30","guid":{"rendered":"https:\/\/www.souvenirclubbing.com\/?page_id=102663"},"modified":"2025-08-27T09:37:35","modified_gmt":"2025-08-27T07:37:35","slug":"souvenir-de-paris","status":"publish","type":"page","link":"https:\/\/www.souvenirclubbing.com\/en\/souvenir-de-paris\/","title":{"rendered":"Souvenir De Paris"},"content":{"rendered":"<div class=\"wpb-content-wrapper\"><p>[vc_row full_width=&#8221;stretch_row_content_no_spaces&#8221; content_placement=&#8221;middle&#8221; el_class=&#8221;backgroundBottom videoBanner&#8221; css=&#8221;.vc_custom_1724755749901{background-position: center !important;background-repeat: no-repeat !important;background-size: cover !important;}&#8221;][vc_column css=&#8221;.vc_custom_1724756354563{margin-bottom: 0px !important;padding-top: 0px !important;padding-bottom: 0px !important;}&#8221; el_class=&#8221;home-souvenir-video-column&#8221;][vc_single_image image=&#8221;102631&#8243; img_size=&#8221;full&#8221; alignment=&#8221;center&#8221;][\/vc_column][\/vc_row][vc_row disable_element=&#8221;yes&#8221;][vc_column][vc_column_text]<\/p>\n<h1 class=\"p1\" style=\"text-align: center;\"><span class=\"s1\"><b>Souvenir De Paris<br \/>\n<\/b><\/span><\/h1>\n<p>[\/vc_column_text][vc_row_inner][vc_column_inner][vc_column_text el_class=&#8221;txtCollAI22&#8243;]<\/p>\n<p style=\"text-align: center;\">La nouvelle collection Printemps\/\u00c9t\u00e9 2025 de Souvenir c\u00e9l\u00e8bre la beaut\u00e9 des femmes du<br \/>\nmonde entier, les transformant en muses d\u2019un style qui d\u00e9passe les fronti\u00e8res culturelles<br \/>\net g\u00e9ographiques. L\u2019inspiration ethnique \u00e9volue : elle n\u2019est plus un simple clin d\u2019\u0153il \u00e0<br \/>\nl\u2019exotisme, mais une expression d\u2019un monde interconnect\u00e9 o\u00f9 mode et identit\u00e9 se m\u00ealent<br \/>\ndans une palette de nuances contemporaines.<br \/>\nLe voyage de Souvenir commence en Inde, avec ses broderies raffin\u00e9es et ses<br \/>\npassementeries pr\u00e9cieuses, traverse l\u2019Afrique avec ses ornements tribaux et ses perles,<br \/>\npour arriver au Japon, entre coupes d\u00e9structur\u00e9es et tissus l\u00e9gers. La collection joue sur<br \/>\nles contrastes : f\u00e9minit\u00e9 et touches masculines, tradition et innovation, fluidit\u00e9 et structure.<br \/>\nBien plus qu\u2019une simple ligne de v\u00eatements, Souvenir propose une vision cosmopolite o\u00f9<br \/>\nchaque d\u00e9tail devient un pont entre les cultures, entre pass\u00e9 et pr\u00e9sent, entre individualit\u00e9<br \/>\net universalit\u00e9.<\/p>\n<p>[\/vc_column_text][\/vc_column_inner][\/vc_row_inner][\/vc_column][\/vc_row][vc_row full_width=&#8221;stretch_row_content&#8221;][vc_column css=&#8221;.vc_custom_1739457973880{padding-right: 0px !important;padding-left: 0px !important;}&#8221;][vc_single_image image=&#8221;102633&#8243; img_size=&#8221;full&#8221; alignment=&#8221;center&#8221;][\/vc_column][\/vc_row][vc_row full_width=&#8221;stretch_row_content&#8221;][vc_column css=&#8221;.vc_custom_1739457973880{padding-right: 0px !important;padding-left: 0px !important;}&#8221;][vc_single_image image=&#8221;102634&#8243; img_size=&#8221;full&#8221; alignment=&#8221;center&#8221;][\/vc_column][\/vc_row][vc_row full_width=&#8221;stretch_row_content&#8221;][vc_column css=&#8221;.vc_custom_1739457973880{padding-right: 0px !important;padding-left: 0px !important;}&#8221;][vc_single_image image=&#8221;102635&#8243; img_size=&#8221;full&#8221; alignment=&#8221;center&#8221;][\/vc_column][\/vc_row][vc_row full_width=&#8221;stretch_row_content&#8221;][vc_column css=&#8221;.vc_custom_1739457973880{padding-right: 0px !important;padding-left: 0px !important;}&#8221;][vc_single_image image=&#8221;102636&#8243; img_size=&#8221;full&#8221; alignment=&#8221;center&#8221;][\/vc_column][\/vc_row][vc_row full_width=&#8221;stretch_row_content&#8221;][vc_column css=&#8221;.vc_custom_1739457973880{padding-right: 0px !important;padding-left: 0px !important;}&#8221;][vc_single_image image=&#8221;102637&#8243; img_size=&#8221;full&#8221; alignment=&#8221;center&#8221;][\/vc_column][\/vc_row][vc_row full_width=&#8221;stretch_row_content&#8221;][vc_column css=&#8221;.vc_custom_1739457973880{padding-right: 0px !important;padding-left: 0px !important;}&#8221;][vc_single_image image=&#8221;102638&#8243; img_size=&#8221;full&#8221; alignment=&#8221;center&#8221;][\/vc_column][\/vc_row][vc_row full_width=&#8221;stretch_row_content&#8221;][vc_column css=&#8221;.vc_custom_1739457973880{padding-right: 0px !important;padding-left: 0px !important;}&#8221;][vc_single_image image=&#8221;102639&#8243; img_size=&#8221;full&#8221; alignment=&#8221;center&#8221;][\/vc_column][\/vc_row][vc_row full_width=&#8221;stretch_row_content&#8221;][vc_column css=&#8221;.vc_custom_1739457973880{padding-right: 0px !important;padding-left: 0px !important;}&#8221;][vc_single_image image=&#8221;102640&#8243; img_size=&#8221;full&#8221; alignment=&#8221;center&#8221;][\/vc_column][\/vc_row][vc_row full_width=&#8221;stretch_row_content&#8221;][vc_column css=&#8221;.vc_custom_1739457973880{padding-right: 0px !important;padding-left: 0px !important;}&#8221;][vc_single_image image=&#8221;102641&#8243; img_size=&#8221;full&#8221; alignment=&#8221;center&#8221;][\/vc_column][\/vc_row][vc_row full_width=&#8221;stretch_row_content&#8221;][vc_column css=&#8221;.vc_custom_1739457973880{padding-right: 0px !important;padding-left: 0px !important;}&#8221;][vc_single_image image=&#8221;102642&#8243; img_size=&#8221;full&#8221; alignment=&#8221;center&#8221;][\/vc_column][\/vc_row][vc_row full_width=&#8221;stretch_row_content&#8221;][vc_column css=&#8221;.vc_custom_1739457973880{padding-right: 0px !important;padding-left: 0px !important;}&#8221;][vc_single_image image=&#8221;102643&#8243; img_size=&#8221;full&#8221; alignment=&#8221;center&#8221;][\/vc_column][\/vc_row][vc_row full_width=&#8221;stretch_row_content&#8221;][vc_column css=&#8221;.vc_custom_1739457973880{padding-right: 0px !important;padding-left: 0px !important;}&#8221;][vc_single_image image=&#8221;102644&#8243; img_size=&#8221;full&#8221; alignment=&#8221;center&#8221;][\/vc_column][\/vc_row][vc_row full_width=&#8221;stretch_row_content&#8221;][vc_column css=&#8221;.vc_custom_1739457973880{padding-right: 0px !important;padding-left: 0px !important;}&#8221;][vc_single_image image=&#8221;102645&#8243; img_size=&#8221;full&#8221; alignment=&#8221;center&#8221;][\/vc_column][\/vc_row][vc_row full_width=&#8221;stretch_row_content&#8221;][vc_column css=&#8221;.vc_custom_1739457973880{padding-right: 0px !important;padding-left: 0px !important;}&#8221;][vc_single_image image=&#8221;102646&#8243; img_size=&#8221;full&#8221; alignment=&#8221;center&#8221;][\/vc_column][\/vc_row][vc_row full_width=&#8221;stretch_row_content&#8221;][vc_column css=&#8221;.vc_custom_1739457973880{padding-right: 0px !important;padding-left: 0px !important;}&#8221;][vc_single_image image=&#8221;102647&#8243; img_size=&#8221;full&#8221; alignment=&#8221;center&#8221;][\/vc_column][\/vc_row][vc_row full_width=&#8221;stretch_row_content&#8221;][vc_column css=&#8221;.vc_custom_1739457973880{padding-right: 0px !important;padding-left: 0px !important;}&#8221;][vc_single_image image=&#8221;102648&#8243; img_size=&#8221;full&#8221; alignment=&#8221;center&#8221;][\/vc_column][\/vc_row][vc_row full_width=&#8221;stretch_row_content&#8221;][vc_column css=&#8221;.vc_custom_1739457973880{padding-right: 0px !important;padding-left: 0px !important;}&#8221;][vc_single_image image=&#8221;102649&#8243; img_size=&#8221;full&#8221; alignment=&#8221;center&#8221;][\/vc_column][\/vc_row][vc_row full_width=&#8221;stretch_row_content&#8221;][vc_column css=&#8221;.vc_custom_1739457973880{padding-right: 0px !important;padding-left: 0px !important;}&#8221;][vc_single_image image=&#8221;102650&#8243; img_size=&#8221;full&#8221; alignment=&#8221;center&#8221;][\/vc_column][\/vc_row][vc_row full_width=&#8221;stretch_row_content&#8221;][vc_column css=&#8221;.vc_custom_1739457973880{padding-right: 0px !important;padding-left: 0px !important;}&#8221;][vc_single_image image=&#8221;102651&#8243; img_size=&#8221;full&#8221; alignment=&#8221;center&#8221;][\/vc_column][\/vc_row][vc_row full_width=&#8221;stretch_row_content&#8221;][vc_column css=&#8221;.vc_custom_1739457973880{padding-right: 0px !important;padding-left: 0px !important;}&#8221;][vc_single_image image=&#8221;102652&#8243; img_size=&#8221;full&#8221; alignment=&#8221;center&#8221;][\/vc_column][\/vc_row][vc_row full_width=&#8221;stretch_row_content&#8221;][vc_column css=&#8221;.vc_custom_1739457973880{padding-right: 0px !important;padding-left: 0px !important;}&#8221;][vc_single_image image=&#8221;102653&#8243; img_size=&#8221;full&#8221; alignment=&#8221;center&#8221;][\/vc_column][\/vc_row][vc_row full_width=&#8221;stretch_row_content&#8221;][vc_column css=&#8221;.vc_custom_1739457973880{padding-right: 0px !important;padding-left: 0px !important;}&#8221;][vc_single_image image=&#8221;102654&#8243; img_size=&#8221;full&#8221; alignment=&#8221;center&#8221;][\/vc_column][\/vc_row][vc_row full_width=&#8221;stretch_row_content&#8221;][vc_column css=&#8221;.vc_custom_1739457973880{padding-right: 0px !important;padding-left: 0px !important;}&#8221;][vc_single_image image=&#8221;102655&#8243; img_size=&#8221;full&#8221; alignment=&#8221;center&#8221;][\/vc_column][\/vc_row][vc_row full_width=&#8221;stretch_row_content&#8221;][vc_column css=&#8221;.vc_custom_1739457973880{padding-right: 0px !important;padding-left: 0px !important;}&#8221;][vc_single_image image=&#8221;102656&#8243; img_size=&#8221;full&#8221; alignment=&#8221;center&#8221;][\/vc_column][\/vc_row][vc_row full_width=&#8221;stretch_row_content&#8221;][vc_column css=&#8221;.vc_custom_1739457973880{padding-right: 0px !important;padding-left: 0px !important;}&#8221;][vc_single_image image=&#8221;102657&#8243; img_size=&#8221;full&#8221; alignment=&#8221;center&#8221;][\/vc_column][\/vc_row][vc_row full_width=&#8221;stretch_row_content&#8221;][vc_column css=&#8221;.vc_custom_1739457973880{padding-right: 0px !important;padding-left: 0px !important;}&#8221;][vc_single_image image=&#8221;102658&#8243; img_size=&#8221;full&#8221; alignment=&#8221;center&#8221;][\/vc_column][\/vc_row][vc_row full_width=&#8221;stretch_row_content&#8221;][vc_column css=&#8221;.vc_custom_1739457973880{padding-right: 0px !important;padding-left: 0px !important;}&#8221;][vc_single_image image=&#8221;102659&#8243; img_size=&#8221;full&#8221; alignment=&#8221;center&#8221;][\/vc_column][\/vc_row][vc_row full_width=&#8221;stretch_row_content_no_spaces&#8221; content_placement=&#8221;middle&#8221; disable_element=&#8221;yes&#8221; el_class=&#8221;backgroundBottom videoBanner&#8221; css=&#8221;.vc_custom_1756211225268{background-position: center !important;background-repeat: no-repeat !important;background-size: cover !important;}&#8221;][vc_column css=&#8221;.vc_custom_1739529285251{margin-bottom: 0px !important;padding-top: 0px !important;padding-bottom: 0px !important;}&#8221; el_class=&#8221;homeBannerSs25VideoColumn&#8221;][vc_raw_html el_class=&#8221;ss25Video&#8221; css=&#8221;.vc_custom_1739551531936{margin-bottom: 0px !important;}&#8221;]PGlmcmFtZSB3aWR0aD0iMTAwJSIgdGl0bGU9IlNPVVZFTklSIFMvUyAyMDI1IiBzcmM9Imh0dHBzOi8vcGxheWVyLnZpbWVvLmNvbS92aWRlby8xMDU2NTQ5MjU1P2RudD0xJmFwcF9pZD0xMjI5NjMmYXV0b3BsYXk9MSZsb29wPTEmYXV0b3BhdXNlPTAiIGZyYW1lYm9yZGVyPSIwIiBhbGxvdz0iYXV0b3BsYXk7IGZ1bGxzY3JlZW47IHBpY3R1cmUtaW4tcGljdHVyZTsgY2xpcGJvYXJkLXdyaXRlOyBlbmNyeXB0ZWQtbWVkaWEiIG5hbWU9ImZpdHZpZDAiPjwvaWZyYW1lPg==[\/vc_raw_html][\/vc_column][\/vc_row]<\/p>\n<\/div>","protected":false},"excerpt":{"rendered":"<p>[vc_row full_width=&#8221;stretch_row_content_no_spaces&#8221; content_placement=&#8221;middle&#8221; el_class=&#8221;backgroundBottom videoBanner&#8221; css=&#8221;.vc_custom_1724755749901{background-position: center !important;background-repeat: no-repeat !important;background-size: cover !important;}&#8221;][vc_column css=&#8221;.vc_custom_1724756354563{margin-bottom: 0px !important;padding-top: 0px !important;padding-bottom: 0px !important;}&#8221; el_class=&#8221;home-souvenir-video-column&#8221;][vc_single_image image=&#8221;102631&#8243; img_size=&#8221;full&#8221; alignment=&#8221;center&#8221;][\/vc_column][\/vc_row][vc_row disable_element=&#8221;yes&#8221;][vc_column][vc_column_text] Souvenir De Paris [\/vc_column_text][vc_row_inner][vc_column_inner][vc_column_text el_class=&#8221;txtCollAI22&#8243;] La nouvelle collection Printemps\/\u00c9t\u00e9 2025 de Souvenir c\u00e9l\u00e8bre la beaut\u00e9 des femmes du monde entier, les transformant en muses d\u2019un style qui d\u00e9passe les fronti\u00e8res culturelles [&hellip;]<\/p>\n","protected":false},"author":11028,"featured_media":0,"parent":0,"menu_order":0,"comment_status":"closed","ping_status":"closed","template":"","meta":{"inline_featured_image":false,"footnotes":""},"class_list":["post-102663","page","type-page","status-publish","hentry"],"yoast_head":"<!-- This site is optimized with the Yoast SEO plugin v26.8-RC7 - https:\/\/yoast.com\/product\/yoast-seo-wordpress\/ -->\n<title>Souvenir De Paris ~ Souvenir Stores<\/title>\n<meta name=\"robots\" content=\"index, follow, max-snippet:-1, max-image-preview:large, max-video-preview:-1\" \/>\n<link rel=\"canonical\" href=\"https:\/\/www.souvenirclubbing.com\/souvenir-de-paris\/\" \/>\n<meta property=\"og:locale\" content=\"fr_FR\" \/>\n<meta property=\"og:type\" content=\"article\" \/>\n<meta property=\"og:title\" content=\"Souvenir De Paris ~ Souvenir Stores\" \/>\n<meta property=\"og:description\" content=\"[vc_row full_width=&#8221;stretch_row_content_no_spaces&#8221; content_placement=&#8221;middle&#8221; el_class=&#8221;backgroundBottom videoBanner&#8221; css=&#8221;.vc_custom_1724755749901{background-position: center !important;background-repeat: no-repeat !important;background-size: cover !important;}&#8221;][vc_column css=&#8221;.vc_custom_1724756354563{margin-bottom: 0px !important;padding-top: 0px !important;padding-bottom: 0px !important;}&#8221; el_class=&#8221;home-souvenir-video-column&#8221;][vc_single_image image=&#8221;102631&#8243; img_size=&#8221;full&#8221; alignment=&#8221;center&#8221;][\/vc_column][\/vc_row][vc_row disable_element=&#8221;yes&#8221;][vc_column][vc_column_text] Souvenir De Paris [\/vc_column_text][vc_row_inner][vc_column_inner][vc_column_text el_class=&#8221;txtCollAI22&#8243;] La nouvelle collection Printemps\/\u00c9t\u00e9 2025 de Souvenir c\u00e9l\u00e8bre la beaut\u00e9 des femmes du monde entier, les transformant en muses d\u2019un style qui d\u00e9passe les fronti\u00e8res culturelles [&hellip;]\" \/>\n<meta property=\"og:url\" content=\"https:\/\/www.souvenirclubbing.com\/souvenir-de-paris\/\" \/>\n<meta property=\"og:site_name\" content=\"Souvenir Stores\" \/>\n<meta property=\"article:publisher\" content=\"https:\/\/www.facebook.com\/SouvenirClubbingAbbigliamento\" \/>\n<meta property=\"article:modified_time\" content=\"2025-08-27T07:37:35+00:00\" \/>\n<meta name=\"twitter:card\" content=\"summary_large_image\" \/>\n<meta name=\"twitter:label1\" content=\"Dur\u00e9e de lecture estim\u00e9e\" \/>\n\t<meta name=\"twitter:data1\" content=\"6 minutes\" \/>\n<script type=\"application\/ld+json\" class=\"yoast-schema-graph\">{\"@context\":\"https:\/\/schema.org\",\"@graph\":[{\"@type\":\"WebPage\",\"@id\":\"https:\/\/www.souvenirclubbing.com\/souvenir-de-paris\/\",\"url\":\"https:\/\/www.souvenirclubbing.com\/souvenir-de-paris\/\",\"name\":\"Souvenir De Paris ~ Souvenir Stores\",\"isPartOf\":{\"@id\":\"https:\/\/www.souvenirclubbing.com\/#website\"},\"datePublished\":\"2025-08-26T12:59:30+00:00\",\"dateModified\":\"2025-08-27T07:37:35+00:00\",\"breadcrumb\":{\"@id\":\"https:\/\/www.souvenirclubbing.com\/souvenir-de-paris\/#breadcrumb\"},\"inLanguage\":\"fr-FR\",\"potentialAction\":[{\"@type\":\"ReadAction\",\"target\":[\"https:\/\/www.souvenirclubbing.com\/souvenir-de-paris\/\"]}]},{\"@type\":\"BreadcrumbList\",\"@id\":\"https:\/\/www.souvenirclubbing.com\/souvenir-de-paris\/#breadcrumb\",\"itemListElement\":[{\"@type\":\"ListItem\",\"position\":1,\"name\":\"Home\",\"item\":\"https:\/\/www.souvenirclubbing.com\/en\/\"},{\"@type\":\"ListItem\",\"position\":2,\"name\":\"Souvenir De Paris\"}]},{\"@type\":\"WebSite\",\"@id\":\"https:\/\/www.souvenirclubbing.com\/#website\",\"url\":\"https:\/\/www.souvenirclubbing.com\/\",\"name\":\"Souvenir Stores\",\"description\":\"V\u00eatements pour femmes\",\"publisher\":{\"@id\":\"https:\/\/www.souvenirclubbing.com\/#organization\"},\"potentialAction\":[{\"@type\":\"SearchAction\",\"target\":{\"@type\":\"EntryPoint\",\"urlTemplate\":\"https:\/\/www.souvenirclubbing.com\/?s={search_term_string}\"},\"query-input\":{\"@type\":\"PropertyValueSpecification\",\"valueRequired\":true,\"valueName\":\"search_term_string\"}}],\"inLanguage\":\"fr-FR\"},{\"@type\":\"Organization\",\"@id\":\"https:\/\/www.souvenirclubbing.com\/#organization\",\"name\":\"Souvenir Stores\",\"url\":\"https:\/\/www.souvenirclubbing.com\/\",\"logo\":{\"@type\":\"ImageObject\",\"inLanguage\":\"fr-FR\",\"@id\":\"https:\/\/www.souvenirclubbing.com\/#\/schema\/logo\/image\/\",\"url\":\"https:\/\/www.souvenirclubbing.com\/wp-content\/uploads\/2021\/02\/logo-souvenir-stella.png\",\"contentUrl\":\"https:\/\/www.souvenirclubbing.com\/wp-content\/uploads\/2021\/02\/logo-souvenir-stella.png\",\"width\":2811,\"height\":744,\"caption\":\"Souvenir Stores\"},\"image\":{\"@id\":\"https:\/\/www.souvenirclubbing.com\/#\/schema\/logo\/image\/\"},\"sameAs\":[\"https:\/\/www.facebook.com\/SouvenirClubbingAbbigliamento\",\"https:\/\/instagram.com\/souvenirofficial\",\"https:\/\/www.youtube.com\/channel\/UCstIOG7B8ETIT_Drim5urMA\"]}]}<\/script>\n<!-- \/ Yoast SEO plugin. -->","yoast_head_json":{"title":"Souvenir De Paris ~ Souvenir Stores","robots":{"index":"index","follow":"follow","max-snippet":"max-snippet:-1","max-image-preview":"max-image-preview:large","max-video-preview":"max-video-preview:-1"},"canonical":"https:\/\/www.souvenirclubbing.com\/souvenir-de-paris\/","og_locale":"fr_FR","og_type":"article","og_title":"Souvenir De Paris ~ Souvenir Stores","og_description":"[vc_row full_width=&#8221;stretch_row_content_no_spaces&#8221; content_placement=&#8221;middle&#8221; el_class=&#8221;backgroundBottom videoBanner&#8221; css=&#8221;.vc_custom_1724755749901{background-position: center !important;background-repeat: no-repeat !important;background-size: cover !important;}&#8221;][vc_column css=&#8221;.vc_custom_1724756354563{margin-bottom: 0px !important;padding-top: 0px !important;padding-bottom: 0px !important;}&#8221; el_class=&#8221;home-souvenir-video-column&#8221;][vc_single_image image=&#8221;102631&#8243; img_size=&#8221;full&#8221; alignment=&#8221;center&#8221;][\/vc_column][\/vc_row][vc_row disable_element=&#8221;yes&#8221;][vc_column][vc_column_text] Souvenir De Paris [\/vc_column_text][vc_row_inner][vc_column_inner][vc_column_text el_class=&#8221;txtCollAI22&#8243;] La nouvelle collection Printemps\/\u00c9t\u00e9 2025 de Souvenir c\u00e9l\u00e8bre la beaut\u00e9 des femmes du monde entier, les transformant en muses d\u2019un style qui d\u00e9passe les fronti\u00e8res culturelles [&hellip;]","og_url":"https:\/\/www.souvenirclubbing.com\/souvenir-de-paris\/","og_site_name":"Souvenir Stores","article_publisher":"https:\/\/www.facebook.com\/SouvenirClubbingAbbigliamento","article_modified_time":"2025-08-27T07:37:35+00:00","twitter_card":"summary_large_image","twitter_misc":{"Dur\u00e9e de lecture estim\u00e9e":"6 minutes"},"schema":{"@context":"https:\/\/schema.org","@graph":[{"@type":"WebPage","@id":"https:\/\/www.souvenirclubbing.com\/souvenir-de-paris\/","url":"https:\/\/www.souvenirclubbing.com\/souvenir-de-paris\/","name":"Souvenir De Paris ~ Souvenir Stores","isPartOf":{"@id":"https:\/\/www.souvenirclubbing.com\/#website"},"datePublished":"2025-08-26T12:59:30+00:00","dateModified":"2025-08-27T07:37:35+00:00","breadcrumb":{"@id":"https:\/\/www.souvenirclubbing.com\/souvenir-de-paris\/#breadcrumb"},"inLanguage":"fr-FR","potentialAction":[{"@type":"ReadAction","target":["https:\/\/www.souvenirclubbing.com\/souvenir-de-paris\/"]}]},{"@type":"BreadcrumbList","@id":"https:\/\/www.souvenirclubbing.com\/souvenir-de-paris\/#breadcrumb","itemListElement":[{"@type":"ListItem","position":1,"name":"Home","item":"https:\/\/www.souvenirclubbing.com\/en\/"},{"@type":"ListItem","position":2,"name":"Souvenir De Paris"}]},{"@type":"WebSite","@id":"https:\/\/www.souvenirclubbing.com\/#website","url":"https:\/\/www.souvenirclubbing.com\/","name":"Souvenir Stores","description":"V\u00eatements pour femmes","publisher":{"@id":"https:\/\/www.souvenirclubbing.com\/#organization"},"potentialAction":[{"@type":"SearchAction","target":{"@type":"EntryPoint","urlTemplate":"https:\/\/www.souvenirclubbing.com\/?s={search_term_string}"},"query-input":{"@type":"PropertyValueSpecification","valueRequired":true,"valueName":"search_term_string"}}],"inLanguage":"fr-FR"},{"@type":"Organization","@id":"https:\/\/www.souvenirclubbing.com\/#organization","name":"Souvenir Stores","url":"https:\/\/www.souvenirclubbing.com\/","logo":{"@type":"ImageObject","inLanguage":"fr-FR","@id":"https:\/\/www.souvenirclubbing.com\/#\/schema\/logo\/image\/","url":"https:\/\/www.souvenirclubbing.com\/wp-content\/uploads\/2021\/02\/logo-souvenir-stella.png","contentUrl":"https:\/\/www.souvenirclubbing.com\/wp-content\/uploads\/2021\/02\/logo-souvenir-stella.png","width":2811,"height":744,"caption":"Souvenir Stores"},"image":{"@id":"https:\/\/www.souvenirclubbing.com\/#\/schema\/logo\/image\/"},"sameAs":["https:\/\/www.facebook.com\/SouvenirClubbingAbbigliamento","https:\/\/instagram.com\/souvenirofficial","https:\/\/www.youtube.com\/channel\/UCstIOG7B8ETIT_Drim5urMA"]}]}},"_links":{"self":[{"href":"https:\/\/www.souvenirclubbing.com\/en\/wp-json\/wp\/v2\/pages\/102663","targetHints":{"allow":["GET"]}}],"collection":[{"href":"https:\/\/www.souvenirclubbing.com\/en\/wp-json\/wp\/v2\/pages"}],"about":[{"href":"https:\/\/www.souvenirclubbing.com\/en\/wp-json\/wp\/v2\/types\/page"}],"author":[{"embeddable":true,"href":"https:\/\/www.souvenirclubbing.com\/en\/wp-json\/wp\/v2\/users\/11028"}],"replies":[{"embeddable":true,"href":"https:\/\/www.souvenirclubbing.com\/en\/wp-json\/wp\/v2\/comments?post=102663"}],"version-history":[{"count":7,"href":"https:\/\/www.souvenirclubbing.com\/en\/wp-json\/wp\/v2\/pages\/102663\/revisions"}],"predecessor-version":[{"id":102686,"href":"https:\/\/www.souvenirclubbing.com\/en\/wp-json\/wp\/v2\/pages\/102663\/revisions\/102686"}],"wp:attachment":[{"href":"https:\/\/www.souvenirclubbing.com\/en\/wp-json\/wp\/v2\/media?parent=102663"}],"curies":[{"name":"wp","href":"https:\/\/api.w.org\/{rel}","templated":true}]}}