{"id":100488,"date":"2021-01-07T12:10:12","date_gmt":"2021-01-07T11:10:12","guid":{"rendered":"https:\/\/www.souvenirclubbing.com\/wishlist\/"},"modified":"2024-02-22T15:43:58","modified_gmt":"2024-02-22T14:43:58","slug":"wishlist","status":"publish","type":"page","link":"https:\/\/www.souvenirclubbing.com\/en\/wishlist\/","title":{"rendered":"Wishlist"},"content":{"rendered":"\n\n\n\n<form\n\tid=\"yith-wcwl-form\"\n\taction=\"https:\/\/www.souvenirclubbing.com\/en\/wishlist\/\"\n\tmethod=\"post\"\n\tclass=\"woocommerce yith-wcwl-form wishlist-fragment\"\n\tdata-fragment-options=\"{&quot;per_page&quot;:5,&quot;current_page&quot;:1,&quot;pagination&quot;:&quot;no&quot;,&quot;wishlist_id&quot;:false,&quot;action_params&quot;:false,&quot;no_interactions&quot;:false,&quot;layout&quot;:&quot;&quot;,&quot;wishlist&quot;:false,&quot;is_default&quot;:true,&quot;is_custom_list&quot;:false,&quot;wishlist_token&quot;:&quot;&quot;,&quot;is_private&quot;:false,&quot;count&quot;:0,&quot;page_title&quot;:&quot;Mon liste d\\u2019envie&quot;,&quot;default_wishlsit_title&quot;:&quot;Mon liste d\\u2019envie&quot;,&quot;page_links&quot;:false,&quot;is_user_logged_in&quot;:false,&quot;is_user_owner&quot;:true,&quot;can_user_edit_title&quot;:false,&quot;show_price&quot;:true,&quot;show_dateadded&quot;:false,&quot;show_stock_status&quot;:true,&quot;show_add_to_cart&quot;:true,&quot;show_remove_product&quot;:true,&quot;add_to_cart_text&quot;:&quot;Ajouter au panier&quot;,&quot;show_ask_estimate_button&quot;:false,&quot;ask_estimate_url&quot;:&quot;&quot;,&quot;price_excl_tax&quot;:false,&quot;show_cb&quot;:false,&quot;show_quantity&quot;:false,&quot;show_variation&quot;:false,&quot;show_price_variations&quot;:false,&quot;show_update&quot;:false,&quot;enable_drag_n_drop&quot;:false,&quot;enable_add_all_to_cart&quot;:false,&quot;move_to_another_wishlist&quot;:false,&quot;repeat_remove_button&quot;:false,&quot;show_last_column&quot;:true,&quot;heading_icon&quot;:&quot;&lt;i class=\\&quot;fa heart-outline\\&quot;&gt;&lt;\\\/i&gt;&quot;,&quot;share_enabled&quot;:false,&quot;template_part&quot;:&quot;view&quot;,&quot;additional_info&quot;:false,&quot;available_multi_wishlist&quot;:false,&quot;form_action&quot;:&quot;https:\\\/\\\/www.souvenirclubbing.com\\\/en\\\/wishlist\\\/&quot;,&quot;item&quot;:&quot;wishlist&quot;}\"\n>\n\n\t<!-- TITLE -->\n\t\t\t<div class=\"wishlist-title-container\">\n\t\t\t<div class=\"wishlist-title \">\n\t\t\t\t<h2>Mon liste d\u2019envie<\/h2>\t\t\t\t\t\t\t<\/div>\n\t\t\t\t\t<\/div>\n\t\n\n<!-- WISHLIST TABLE -->\n<table\n\tclass=\"shop_table cart wishlist_table wishlist_view traditional responsive   \"\n\tdata-pagination=\"no\" data-per-page=\"5\" data-page=\"1\"\n\tdata-id=\"\" data-token=\"\">\n\n\t\n\t<thead>\n\t<tr>\n\t\t\n\t\t\t\t\t\t\t\t<th class=\"product-remove\">\n\t\t\t\t<span class=\"nobr\">\n\t\t\t\t\t\t\t\t\t<\/span>\n\t\t\t<\/th>\n\t\t\n\t\t<th class=\"product-thumbnail\"><\/th>\n\n\t\t<th class=\"product-name\">\n\t\t\t<span class=\"nobr\">\n\t\t\t\tNom du produit\t\t\t<\/span>\n\t\t<\/th>\n\n\t\t\t\t\t\t\t\t<th class=\"product-price\">\n\t\t\t\t<span class=\"nobr\">\n\t\t\t\t\tPrix unitaire\t\t\t\t<\/span>\n\t\t\t<\/th>\n\t\t\n\t\t\n\t\t\t\t\t\t\t\t<th class=\"product-stock-status\">\n\t\t\t\t<span class=\"nobr\">\n\t\t\t\t\t\u00c9tat du stock\t\t\t\t<\/span>\n\t\t\t<\/th>\n\t\t\n\t\t\t\t\t\t\t\t<th class=\"product-add-to-cart\">\n\t\t\t\t<span class=\"nobr\">\n\t\t\t\t\t\t\t\t\t<\/span>\n\t\t\t<\/th>\n\t\t\n\t\t\t<\/tr>\n\t<\/thead>\n\n\t<tbody class=\"wishlist-items-wrapper\">\n\t\t\t<tr>\n\t\t\t\t\t\t<td colspan=\"6\" class=\"wishlist-empty\">Aucun produit ajout\u00e9 \u00e0 la liste de souhaits<\/td>\n\t\t<\/tr>\n\t\t\t<\/tbody>\n\n<\/table>\n\n<div class=\"yith_wcwl_wishlist_footer\">\n\t\n\n\t\n\n\t\n\t<\/div>\n\n<input type=\"hidden\" id=\"yith_wcwl_edit_wishlist\" name=\"yith_wcwl_edit_wishlist\" value=\"261b93b40d\" \/><input type=\"hidden\" name=\"_wp_http_referer\" value=\"\/en\/wp-json\/wp\/v2\/pages\/100488\" \/><input type=\"hidden\" value=\"\" name=\"wishlist_id\" id=\"wishlist_id\">\n\n\n<\/form>\n\n\n\n\n","protected":false},"excerpt":{"rendered":"Mon liste d\u2019envie Nom du produit Prix unitaire \u00c9tat du stock Aucun produit ajout\u00e9 \u00e0 la liste de souhaits","protected":false},"author":1,"featured_media":0,"parent":0,"menu_order":0,"comment_status":"closed","ping_status":"closed","template":"","meta":{"inline_featured_image":false,"footnotes":""},"class_list":["post-100488","page","type-page","status-publish","hentry"],"yoast_head":"<!-- This site is optimized with the Yoast SEO plugin v26.8-RC7 - https:\/\/yoast.com\/product\/yoast-seo-wordpress\/ -->\n<title>Wishlist ~ Souvenir Stores<\/title>\n<meta name=\"robots\" content=\"index, follow, max-snippet:-1, max-image-preview:large, max-video-preview:-1\" \/>\n<link rel=\"canonical\" href=\"https:\/\/www.souvenirclubbing.com\/wishlist\/\" \/>\n<meta property=\"og:locale\" content=\"fr_FR\" \/>\n<meta property=\"og:type\" content=\"article\" \/>\n<meta property=\"og:title\" content=\"Wishlist ~ Souvenir Stores\" \/>\n<meta property=\"og:url\" content=\"https:\/\/www.souvenirclubbing.com\/wishlist\/\" \/>\n<meta property=\"og:site_name\" content=\"Souvenir Stores\" \/>\n<meta property=\"article:publisher\" content=\"https:\/\/www.facebook.com\/SouvenirClubbingAbbigliamento\" \/>\n<meta property=\"article:modified_time\" content=\"2024-02-22T14:43:58+00:00\" \/>\n<meta name=\"twitter:card\" content=\"summary_large_image\" \/>\n<meta name=\"twitter:label1\" content=\"Dur\u00e9e de lecture estim\u00e9e\" \/>\n\t<meta name=\"twitter:data1\" content=\"1 minute\" \/>\n<script type=\"application\/ld+json\" class=\"yoast-schema-graph\">{\"@context\":\"https:\/\/schema.org\",\"@graph\":[{\"@type\":\"WebPage\",\"@id\":\"https:\/\/www.souvenirclubbing.com\/wishlist\/\",\"url\":\"https:\/\/www.souvenirclubbing.com\/wishlist\/\",\"name\":\"Wishlist ~ Souvenir Stores\",\"isPartOf\":{\"@id\":\"https:\/\/www.souvenirclubbing.com\/#website\"},\"datePublished\":\"2021-01-07T11:10:12+00:00\",\"dateModified\":\"2024-02-22T14:43:58+00:00\",\"breadcrumb\":{\"@id\":\"https:\/\/www.souvenirclubbing.com\/wishlist\/#breadcrumb\"},\"inLanguage\":\"fr-FR\",\"potentialAction\":[{\"@type\":\"ReadAction\",\"target\":[\"https:\/\/www.souvenirclubbing.com\/wishlist\/\"]}]},{\"@type\":\"BreadcrumbList\",\"@id\":\"https:\/\/www.souvenirclubbing.com\/wishlist\/#breadcrumb\",\"itemListElement\":[{\"@type\":\"ListItem\",\"position\":1,\"name\":\"Home\",\"item\":\"https:\/\/www.souvenirclubbing.com\/en\/\"},{\"@type\":\"ListItem\",\"position\":2,\"name\":\"Wishlist\"}]},{\"@type\":\"WebSite\",\"@id\":\"https:\/\/www.souvenirclubbing.com\/#website\",\"url\":\"https:\/\/www.souvenirclubbing.com\/\",\"name\":\"Souvenir Stores\",\"description\":\"V\u00eatements pour femmes\",\"publisher\":{\"@id\":\"https:\/\/www.souvenirclubbing.com\/#organization\"},\"potentialAction\":[{\"@type\":\"SearchAction\",\"target\":{\"@type\":\"EntryPoint\",\"urlTemplate\":\"https:\/\/www.souvenirclubbing.com\/?s={search_term_string}\"},\"query-input\":{\"@type\":\"PropertyValueSpecification\",\"valueRequired\":true,\"valueName\":\"search_term_string\"}}],\"inLanguage\":\"fr-FR\"},{\"@type\":\"Organization\",\"@id\":\"https:\/\/www.souvenirclubbing.com\/#organization\",\"name\":\"Souvenir Stores\",\"url\":\"https:\/\/www.souvenirclubbing.com\/\",\"logo\":{\"@type\":\"ImageObject\",\"inLanguage\":\"fr-FR\",\"@id\":\"https:\/\/www.souvenirclubbing.com\/#\/schema\/logo\/image\/\",\"url\":\"https:\/\/www.souvenirclubbing.com\/wp-content\/uploads\/2021\/02\/logo-souvenir-stella.png\",\"contentUrl\":\"https:\/\/www.souvenirclubbing.com\/wp-content\/uploads\/2021\/02\/logo-souvenir-stella.png\",\"width\":2811,\"height\":744,\"caption\":\"Souvenir Stores\"},\"image\":{\"@id\":\"https:\/\/www.souvenirclubbing.com\/#\/schema\/logo\/image\/\"},\"sameAs\":[\"https:\/\/www.facebook.com\/SouvenirClubbingAbbigliamento\",\"https:\/\/instagram.com\/souvenirofficial\",\"https:\/\/www.youtube.com\/channel\/UCstIOG7B8ETIT_Drim5urMA\"]}]}<\/script>\n<!-- \/ Yoast SEO plugin. -->","yoast_head_json":{"title":"Wishlist ~ Souvenir Stores","robots":{"index":"index","follow":"follow","max-snippet":"max-snippet:-1","max-image-preview":"max-image-preview:large","max-video-preview":"max-video-preview:-1"},"canonical":"https:\/\/www.souvenirclubbing.com\/wishlist\/","og_locale":"fr_FR","og_type":"article","og_title":"Wishlist ~ Souvenir Stores","og_url":"https:\/\/www.souvenirclubbing.com\/wishlist\/","og_site_name":"Souvenir Stores","article_publisher":"https:\/\/www.facebook.com\/SouvenirClubbingAbbigliamento","article_modified_time":"2024-02-22T14:43:58+00:00","twitter_card":"summary_large_image","twitter_misc":{"Dur\u00e9e de lecture estim\u00e9e":"1 minute"},"schema":{"@context":"https:\/\/schema.org","@graph":[{"@type":"WebPage","@id":"https:\/\/www.souvenirclubbing.com\/wishlist\/","url":"https:\/\/www.souvenirclubbing.com\/wishlist\/","name":"Wishlist ~ Souvenir Stores","isPartOf":{"@id":"https:\/\/www.souvenirclubbing.com\/#website"},"datePublished":"2021-01-07T11:10:12+00:00","dateModified":"2024-02-22T14:43:58+00:00","breadcrumb":{"@id":"https:\/\/www.souvenirclubbing.com\/wishlist\/#breadcrumb"},"inLanguage":"fr-FR","potentialAction":[{"@type":"ReadAction","target":["https:\/\/www.souvenirclubbing.com\/wishlist\/"]}]},{"@type":"BreadcrumbList","@id":"https:\/\/www.souvenirclubbing.com\/wishlist\/#breadcrumb","itemListElement":[{"@type":"ListItem","position":1,"name":"Home","item":"https:\/\/www.souvenirclubbing.com\/en\/"},{"@type":"ListItem","position":2,"name":"Wishlist"}]},{"@type":"WebSite","@id":"https:\/\/www.souvenirclubbing.com\/#website","url":"https:\/\/www.souvenirclubbing.com\/","name":"Souvenir Stores","description":"V\u00eatements pour femmes","publisher":{"@id":"https:\/\/www.souvenirclubbing.com\/#organization"},"potentialAction":[{"@type":"SearchAction","target":{"@type":"EntryPoint","urlTemplate":"https:\/\/www.souvenirclubbing.com\/?s={search_term_string}"},"query-input":{"@type":"PropertyValueSpecification","valueRequired":true,"valueName":"search_term_string"}}],"inLanguage":"fr-FR"},{"@type":"Organization","@id":"https:\/\/www.souvenirclubbing.com\/#organization","name":"Souvenir Stores","url":"https:\/\/www.souvenirclubbing.com\/","logo":{"@type":"ImageObject","inLanguage":"fr-FR","@id":"https:\/\/www.souvenirclubbing.com\/#\/schema\/logo\/image\/","url":"https:\/\/www.souvenirclubbing.com\/wp-content\/uploads\/2021\/02\/logo-souvenir-stella.png","contentUrl":"https:\/\/www.souvenirclubbing.com\/wp-content\/uploads\/2021\/02\/logo-souvenir-stella.png","width":2811,"height":744,"caption":"Souvenir Stores"},"image":{"@id":"https:\/\/www.souvenirclubbing.com\/#\/schema\/logo\/image\/"},"sameAs":["https:\/\/www.facebook.com\/SouvenirClubbingAbbigliamento","https:\/\/instagram.com\/souvenirofficial","https:\/\/www.youtube.com\/channel\/UCstIOG7B8ETIT_Drim5urMA"]}]}},"_links":{"self":[{"href":"https:\/\/www.souvenirclubbing.com\/en\/wp-json\/wp\/v2\/pages\/100488","targetHints":{"allow":["GET"]}}],"collection":[{"href":"https:\/\/www.souvenirclubbing.com\/en\/wp-json\/wp\/v2\/pages"}],"about":[{"href":"https:\/\/www.souvenirclubbing.com\/en\/wp-json\/wp\/v2\/types\/page"}],"author":[{"embeddable":true,"href":"https:\/\/www.souvenirclubbing.com\/en\/wp-json\/wp\/v2\/users\/1"}],"replies":[{"embeddable":true,"href":"https:\/\/www.souvenirclubbing.com\/en\/wp-json\/wp\/v2\/comments?post=100488"}],"version-history":[{"count":1,"href":"https:\/\/www.souvenirclubbing.com\/en\/wp-json\/wp\/v2\/pages\/100488\/revisions"}],"predecessor-version":[{"id":100489,"href":"https:\/\/www.souvenirclubbing.com\/en\/wp-json\/wp\/v2\/pages\/100488\/revisions\/100489"}],"wp:attachment":[{"href":"https:\/\/www.souvenirclubbing.com\/en\/wp-json\/wp\/v2\/media?parent=100488"}],"curies":[{"name":"wp","href":"https:\/\/api.w.org\/{rel}","templated":true}]}}